{"id":313,"date":"2022-08-06T19:04:47","date_gmt":"2022-08-06T17:04:47","guid":{"rendered":"http:\/\/www.gobelin-farceur.fr\/?page_id=313"},"modified":"2026-01-28T09:00:36","modified_gmt":"2026-01-28T08:00:36","slug":"ou-nous-trouver","status":"publish","type":"page","link":"https:\/\/www.gobelin-farceur.fr\/index.php\/ou-nous-trouver\/","title":{"rendered":"O\u00f9 nous trouver ?"},"content":{"rendered":"\n<p class=\"has-text-align-center\">Tout d&#8217;abord vous pouvez nous contacter pour tout renseignement par mail sur <a href=\"mailto:legobelinfarceur@gmail.com\" target=\"_blank\" rel=\"noreferrer noopener\">legobelinfarceur@gmail.com<\/a><\/p>\n\n\n\n<p class=\"has-text-align-center\">L&#8217;association Le Gobelin Farceur a emm\u00e9nag\u00e9 dans un nouveau local situ\u00e9 au 41-45 rue du Pont Neuf \u00e0 Alen\u00e7on (61000), il est en g\u00e9n\u00e9ral ouvert du mardi au vendredi \u00e0 partir de 20h, vous pouvez aller sur nos r\u00e9seaux sociaux (Facebook, Discord ou Instagram) pour conna\u00eetre le programme complet de nos activit\u00e9s r\u00e9guli\u00e8res et les \u00e9v\u00e9nements auxquels nous participons :<\/p>\n\n\n\n<p style=\"text-align:center\"><iframe src=\"https:\/\/www.google.com\/maps\/embed?pb=!1m18!1m12!1m3!1d670.3455744247115!2d0.08856720207594276!3d48.427771392790575!2m3!1f0!2f0!3f0!3m2!1i1024!2i768!4f13.1!3m3!1m2!1s0x47e20d86842428bf%3A0x6ac62ad01bf82c2!2sLe%20Gobelin%20Farceur!5e1!3m2!1sfr!2sfr!4v1769587210656!5m2!1sfr!2sfr\" width=\"600\" height=\"450\" style=\"border:0;\" allowfullscreen=\"\" loading=\"lazy\" referrerpolicy=\"no-referrer-when-downgrade\"><\/iframe><\/p>\n\n\n\n<ul class=\"wp-block-social-links aligncenter has-visible-labels is-style-default is-layout-flex wp-block-social-links-is-layout-flex\"><li class=\"wp-social-link wp-social-link-facebook  wp-block-social-link\"><a href=\"https:\/\/www.facebook.com\/legobelinfarceur\" class=\"wp-block-social-link-anchor\"><svg width=\"24\" height=\"24\" viewBox=\"0 0 24 24\" version=\"1.1\" xmlns=\"http:\/\/www.w3.org\/2000\/svg\" aria-hidden=\"true\" focusable=\"false\"><path d=\"M12 2C6.5 2 2 6.5 2 12c0 5 3.7 9.1 8.4 9.9v-7H7.9V12h2.5V9.8c0-2.5 1.5-3.9 3.8-3.9 1.1 0 2.2.2 2.2.2v2.5h-1.3c-1.2 0-1.6.8-1.6 1.6V12h2.8l-.4 2.9h-2.3v7C18.3 21.1 22 17 22 12c0-5.5-4.5-10-10-10z\"><\/path><\/svg><span class=\"wp-block-social-link-label\">La page Facebook du Gobelin Farceur<\/span><\/a><\/li>\n\n<li class=\"wp-social-link wp-social-link-instagram  wp-block-social-link\"><a href=\"https:\/\/www.instagram.com\/le_gobelin_farceur\/\" class=\"wp-block-social-link-anchor\"><svg width=\"24\" height=\"24\" viewBox=\"0 0 24 24\" version=\"1.1\" xmlns=\"http:\/\/www.w3.org\/2000\/svg\" aria-hidden=\"true\" focusable=\"false\"><path d=\"M12,4.622c2.403,0,2.688,0.009,3.637,0.052c0.877,0.04,1.354,0.187,1.671,0.31c0.42,0.163,0.72,0.358,1.035,0.673 c0.315,0.315,0.51,0.615,0.673,1.035c0.123,0.317,0.27,0.794,0.31,1.671c0.043,0.949,0.052,1.234,0.052,3.637 s-0.009,2.688-0.052,3.637c-0.04,0.877-0.187,1.354-0.31,1.671c-0.163,0.42-0.358,0.72-0.673,1.035 c-0.315,0.315-0.615,0.51-1.035,0.673c-0.317,0.123-0.794,0.27-1.671,0.31c-0.949,0.043-1.233,0.052-3.637,0.052 s-2.688-0.009-3.637-0.052c-0.877-0.04-1.354-0.187-1.671-0.31c-0.42-0.163-0.72-0.358-1.035-0.673 c-0.315-0.315-0.51-0.615-0.673-1.035c-0.123-0.317-0.27-0.794-0.31-1.671C4.631,14.688,4.622,14.403,4.622,12 s0.009-2.688,0.052-3.637c0.04-0.877,0.187-1.354,0.31-1.671c0.163-0.42,0.358-0.72,0.673-1.035 c0.315-0.315,0.615-0.51,1.035-0.673c0.317-0.123,0.794-0.27,1.671-0.31C9.312,4.631,9.597,4.622,12,4.622 M12,3 C9.556,3,9.249,3.01,8.289,3.054C7.331,3.098,6.677,3.25,6.105,3.472C5.513,3.702,5.011,4.01,4.511,4.511 c-0.5,0.5-0.808,1.002-1.038,1.594C3.25,6.677,3.098,7.331,3.054,8.289C3.01,9.249,3,9.556,3,12c0,2.444,0.01,2.751,0.054,3.711 c0.044,0.958,0.196,1.612,0.418,2.185c0.23,0.592,0.538,1.094,1.038,1.594c0.5,0.5,1.002,0.808,1.594,1.038 c0.572,0.222,1.227,0.375,2.185,0.418C9.249,20.99,9.556,21,12,21s2.751-0.01,3.711-0.054c0.958-0.044,1.612-0.196,2.185-0.418 c0.592-0.23,1.094-0.538,1.594-1.038c0.5-0.5,0.808-1.002,1.038-1.594c0.222-0.572,0.375-1.227,0.418-2.185 C20.99,14.751,21,14.444,21,12s-0.01-2.751-0.054-3.711c-0.044-0.958-0.196-1.612-0.418-2.185c-0.23-0.592-0.538-1.094-1.038-1.594 c-0.5-0.5-1.002-0.808-1.594-1.038c-0.572-0.222-1.227-0.375-2.185-0.418C14.751,3.01,14.444,3,12,3L12,3z M12,7.378 c-2.552,0-4.622,2.069-4.622,4.622S9.448,16.622,12,16.622s4.622-2.069,4.622-4.622S14.552,7.378,12,7.378z M12,15 c-1.657,0-3-1.343-3-3s1.343-3,3-3s3,1.343,3,3S13.657,15,12,15z M16.804,6.116c-0.596,0-1.08,0.484-1.08,1.08 s0.484,1.08,1.08,1.08c0.596,0,1.08-0.484,1.08-1.08S17.401,6.116,16.804,6.116z\"><\/path><\/svg><span class=\"wp-block-social-link-label\">Notre Instagram<\/span><\/a><\/li><\/ul>\n\n\n\n<p style=\"text-align:center;\">Vous pouvez \u00e9galement venir discuter avec nous en ligne sur notre serveur Discord :<br>\n<a href=\"https:\/\/discord.gg\/zDttpFD\" target=\"_blank\" rel=\"noopener\"><img decoding=\"async\" src=\"https:\/\/www.gobelin-farceur.fr\/wp-content\/uploads\/2022\/08\/Discord-LogoWordmark-Black.png\" width=\"200\"><\/a>\n<\/p>\n","protected":false},"excerpt":{"rendered":"<p>Tout d&#8217;abord vous pouvez nous contacter pour tout renseignement par mail sur legobelinfarceur@gmail.com L&#8217;association Le Gobelin Farceur a [&hellip;]<\/p>\n","protected":false},"author":1,"featured_media":0,"parent":0,"menu_order":20,"comment_status":"closed","ping_status":"closed","template":"","meta":{"footnotes":""},"class_list":["post-313","page","type-page","status-publish","hentry"],"_links":{"self":[{"href":"https:\/\/www.gobelin-farceur.fr\/index.php\/wp-json\/wp\/v2\/pages\/313","targetHints":{"allow":["GET"]}}],"collection":[{"href":"https:\/\/www.gobelin-farceur.fr\/index.php\/wp-json\/wp\/v2\/pages"}],"about":[{"href":"https:\/\/www.gobelin-farceur.fr\/index.php\/wp-json\/wp\/v2\/types\/page"}],"author":[{"embeddable":true,"href":"https:\/\/www.gobelin-farceur.fr\/index.php\/wp-json\/wp\/v2\/users\/1"}],"replies":[{"embeddable":true,"href":"https:\/\/www.gobelin-farceur.fr\/index.php\/wp-json\/wp\/v2\/comments?post=313"}],"version-history":[{"count":19,"href":"https:\/\/www.gobelin-farceur.fr\/index.php\/wp-json\/wp\/v2\/pages\/313\/revisions"}],"predecessor-version":[{"id":368,"href":"https:\/\/www.gobelin-farceur.fr\/index.php\/wp-json\/wp\/v2\/pages\/313\/revisions\/368"}],"wp:attachment":[{"href":"https:\/\/www.gobelin-farceur.fr\/index.php\/wp-json\/wp\/v2\/media?parent=313"}],"curies":[{"name":"wp","href":"https:\/\/api.w.org\/{rel}","templated":true}]}}